{"id":8,"date":"2018-09-19T14:36:27","date_gmt":"2018-09-19T14:36:27","guid":{"rendered":"http:\/\/hognes.no\/?page_id=8"},"modified":"2018-09-28T08:31:26","modified_gmt":"2018-09-28T08:31:26","slug":"home","status":"publish","type":"page","link":"https:\/\/hognes.no\/","title":{"rendered":"Hjem"},"content":{"rendered":"\t\t<div data-elementor-type=\"wp-post\" data-elementor-id=\"8\" class=\"elementor elementor-8 elementor-bc-flex-widget\">\n\t\t\t\t\t\t<section class=\"elementor-section elementor-top-section elementor-element elementor-element-6a5a2bb elementor-section-boxed elementor-section-height-default elementor-section-height-default\" data-id=\"6a5a2bb\" data-element_type=\"section\" data-e-type=\"section\" data-settings=\"{&quot;background_background&quot;:&quot;classic&quot;}\">\n\t\t\t\t\t\t<div class=\"elementor-container elementor-column-gap-default\">\n\t\t\t\t\t<div class=\"elementor-column elementor-col-16 elementor-top-column elementor-element elementor-element-1399ec5\" data-id=\"1399ec5\" data-element_type=\"column\" data-e-type=\"column\">\n\t\t\t<div class=\"elementor-widget-wrap elementor-element-populated\">\n\t\t\t\t\t\t<div class=\"elementor-element elementor-element-a7ab034 elementor-widget elementor-widget-image\" data-id=\"a7ab034\" data-element_type=\"widget\" data-e-type=\"widget\" data-widget_type=\"image.default\">\n\t\t\t\t<div class=\"elementor-widget-container\">\n\t\t\t\t\t\t\t\t\t\t\t\t\t\t\t<img fetchpriority=\"high\" decoding=\"async\" width=\"425\" height=\"600\" src=\"https:\/\/hognes.no\/wp-content\/uploads\/2018\/09\/20170516_140239-1.jpg\" class=\"attachment-large size-large wp-image-104\" alt=\"\" srcset=\"https:\/\/hognes.no\/wp-content\/uploads\/2018\/09\/20170516_140239-1.jpg 425w, https:\/\/hognes.no\/wp-content\/uploads\/2018\/09\/20170516_140239-1-213x300.jpg 213w\" sizes=\"(max-width: 425px) 100vw, 425px\" \/>\t\t\t\t\t\t\t\t\t\t\t\t\t\t\t<\/div>\n\t\t\t\t<\/div>\n\t\t\t\t\t<\/div>\n\t\t<\/div>\n\t\t\t\t<div class=\"elementor-column elementor-col-66 elementor-top-column elementor-element elementor-element-60dc615\" data-id=\"60dc615\" data-element_type=\"column\" data-e-type=\"column\">\n\t\t\t<div class=\"elementor-widget-wrap elementor-element-populated\">\n\t\t\t\t\t\t<div class=\"elementor-element elementor-element-535de96 elementor-widget elementor-widget-image\" data-id=\"535de96\" data-element_type=\"widget\" data-e-type=\"widget\" data-widget_type=\"image.default\">\n\t\t\t\t<div class=\"elementor-widget-container\">\n\t\t\t\t\t\t\t\t\t\t\t\t\t\t\t<img decoding=\"async\" width=\"600\" height=\"302\" src=\"https:\/\/hognes.no\/wp-content\/uploads\/2018\/09\/20180827_172710-1.jpg\" class=\"attachment-large size-large wp-image-98\" alt=\"\" srcset=\"https:\/\/hognes.no\/wp-content\/uploads\/2018\/09\/20180827_172710-1.jpg 600w, https:\/\/hognes.no\/wp-content\/uploads\/2018\/09\/20180827_172710-1-300x151.jpg 300w\" sizes=\"(max-width: 600px) 100vw, 600px\" \/>\t\t\t\t\t\t\t\t\t\t\t\t\t\t\t<\/div>\n\t\t\t\t<\/div>\n\t\t\t\t\t<\/div>\n\t\t<\/div>\n\t\t\t\t<div class=\"elementor-column elementor-col-16 elementor-top-column elementor-element elementor-element-ec58013\" data-id=\"ec58013\" data-element_type=\"column\" data-e-type=\"column\">\n\t\t\t<div class=\"elementor-widget-wrap elementor-element-populated\">\n\t\t\t\t\t\t<div class=\"elementor-element elementor-element-5416cf2 elementor-widget elementor-widget-image\" data-id=\"5416cf2\" data-element_type=\"widget\" data-e-type=\"widget\" data-widget_type=\"image.default\">\n\t\t\t\t<div class=\"elementor-widget-container\">\n\t\t\t\t\t\t\t\t\t\t\t\t\t\t\t<img decoding=\"async\" width=\"444\" height=\"600\" src=\"https:\/\/hognes.no\/wp-content\/uploads\/2018\/09\/20171116_143223-2.jpg\" class=\"attachment-large size-large wp-image-103\" alt=\"\" srcset=\"https:\/\/hognes.no\/wp-content\/uploads\/2018\/09\/20171116_143223-2.jpg 444w, https:\/\/hognes.no\/wp-content\/uploads\/2018\/09\/20171116_143223-2-222x300.jpg 222w\" sizes=\"(max-width: 444px) 100vw, 444px\" \/>\t\t\t\t\t\t\t\t\t\t\t\t\t\t\t<\/div>\n\t\t\t\t<\/div>\n\t\t\t\t\t<\/div>\n\t\t<\/div>\n\t\t\t\t\t<\/div>\n\t\t<\/section>\n\t\t\t\t<section class=\"elementor-section elementor-top-section elementor-element elementor-element-43b6d18 elementor-section-boxed elementor-section-height-default elementor-section-height-default\" data-id=\"43b6d18\" data-element_type=\"section\" data-e-type=\"section\" data-settings=\"{&quot;background_background&quot;:&quot;classic&quot;}\">\n\t\t\t\t\t\t<div class=\"elementor-container elementor-column-gap-default\">\n\t\t\t\t\t<div class=\"elementor-column elementor-col-100 elementor-top-column elementor-element elementor-element-8163f17\" data-id=\"8163f17\" data-element_type=\"column\" data-e-type=\"column\">\n\t\t\t<div class=\"elementor-widget-wrap elementor-element-populated\">\n\t\t\t\t\t\t<div class=\"elementor-element elementor-element-a436a8d elementor-widget elementor-widget-text-editor\" data-id=\"a436a8d\" data-element_type=\"widget\" data-e-type=\"widget\" data-widget_type=\"text-editor.default\">\n\t\t\t\t<div class=\"elementor-widget-container\">\n\t\t\t\t\t\t\t\t\t<h3><strong>H\u00f8gnes Laft og Restaurering<\/strong> ble etablert i 1993 og har i dag 5 lokale ansatte med fagbrev og 1 l\u00e6rling. Vi har tilholdssted i Jevnaker p\u00e5 Hadeland. Vi er en allsidig bedrift som tar p\u00e5 oss oppdrag hovedsaklig p\u00e5 Hadeland, Ringerike og Hole men tar ogs\u00e5 p\u00e5 oss oppdrag ellers p\u00e5 \u00d8stlandet. Vi har spesialisert oss p\u00e5 restaurering og rehabilitering av gamle trehus. Vi utf\u00f8rer ogs\u00e5 nybygg\/tilbygg i h\u00e5ndlaft\/stavlaft\/grovt bindingsverk\/moderne bindingsverk. Vi tar p\u00e5 oss b\u00e5de store og sm\u00e5 oppdrag i alt fra eneboliger og driftsbygninger til hundehus, m\u00f8bler og spesialtilpasset innredning samt mye mer. Veil\u00f8st er ingen hindring.<\/h3><h3>Kompetanse i bedriften: I tillegg til fagbrev som t\u00f8mrer har flere av de ansatte tilleggsutdanning i Teknisk Bygningsvern v. HIST\/NTNU samt at vi er aktive og deltar p\u00e5 en rekke kurs og seminarer rettet mot antikvarisk h\u00e5ndverk og fagfeltet generelt.<\/h3>\t\t\t\t\t\t\t\t<\/div>\n\t\t\t\t<\/div>\n\t\t\t\t\t<\/div>\n\t\t<\/div>\n\t\t\t\t\t<\/div>\n\t\t<\/section>\n\t\t\t\t<section class=\"elementor-section elementor-top-section elementor-element elementor-element-cb0fa08 elementor-section-boxed elementor-section-height-default elementor-section-height-default\" data-id=\"cb0fa08\" data-element_type=\"section\" data-e-type=\"section\" data-settings=\"{&quot;background_background&quot;:&quot;classic&quot;}\">\n\t\t\t\t\t\t<div class=\"elementor-container elementor-column-gap-default\">\n\t\t\t\t\t<div class=\"elementor-column elementor-col-100 elementor-top-column elementor-element elementor-element-a860087\" data-id=\"a860087\" data-element_type=\"column\" data-e-type=\"column\">\n\t\t\t<div class=\"elementor-widget-wrap elementor-element-populated\">\n\t\t\t\t\t\t<section class=\"elementor-section elementor-inner-section elementor-element elementor-element-9db4517 elementor-section-boxed elementor-section-height-default elementor-section-height-default\" data-id=\"9db4517\" data-element_type=\"section\" data-e-type=\"section\" data-settings=\"{&quot;background_background&quot;:&quot;classic&quot;}\">\n\t\t\t\t\t\t<div class=\"elementor-container elementor-column-gap-default\">\n\t\t\t\t\t<div class=\"elementor-column elementor-col-50 elementor-inner-column elementor-element elementor-element-6bb054d\" data-id=\"6bb054d\" data-element_type=\"column\" data-e-type=\"column\">\n\t\t\t<div class=\"elementor-widget-wrap elementor-element-populated\">\n\t\t\t\t\t\t<div class=\"elementor-element elementor-element-3b0328d elementor-widget elementor-widget-image\" data-id=\"3b0328d\" data-element_type=\"widget\" data-e-type=\"widget\" data-widget_type=\"image.default\">\n\t\t\t\t<div class=\"elementor-widget-container\">\n\t\t\t\t\t\t\t\t\t\t\t\t\t\t\t<img decoding=\"async\" src=\"https:\/\/hognes.no\/wp-content\/uploads\/2018\/09\/20170831_105908-79-1.jpg\" title=\"20170831_105908-79\" alt=\"20170831_105908-79\" loading=\"lazy\" \/>\t\t\t\t\t\t\t\t\t\t\t\t\t\t\t<\/div>\n\t\t\t\t<\/div>\n\t\t\t\t<div class=\"elementor-element elementor-element-7100bcd elementor-widget elementor-widget-image\" data-id=\"7100bcd\" data-element_type=\"widget\" data-e-type=\"widget\" data-widget_type=\"image.default\">\n\t\t\t\t<div class=\"elementor-widget-container\">\n\t\t\t\t\t\t\t\t\t\t\t\t\t\t\t<img decoding=\"async\" src=\"https:\/\/hognes.no\/wp-content\/uploads\/2018\/09\/P1240128-48.jpg\" title=\"OLYMPUS DIGITAL CAMERA\" alt=\"OLYMPUS DIGITAL CAMERA\" loading=\"lazy\" \/>\t\t\t\t\t\t\t\t\t\t\t\t\t\t\t<\/div>\n\t\t\t\t<\/div>\n\t\t\t\t\t<\/div>\n\t\t<\/div>\n\t\t\t\t<div class=\"elementor-column elementor-col-50 elementor-inner-column elementor-element elementor-element-8bbc84d\" data-id=\"8bbc84d\" data-element_type=\"column\" data-e-type=\"column\">\n\t\t\t<div class=\"elementor-widget-wrap elementor-element-populated\">\n\t\t\t\t\t\t<div class=\"elementor-element elementor-element-3d5857b elementor-widget elementor-widget-text-editor\" data-id=\"3d5857b\" data-element_type=\"widget\" data-e-type=\"widget\" data-widget_type=\"text-editor.default\">\n\t\t\t\t<div class=\"elementor-widget-container\">\n\t\t\t\t\t\t\t\t\t<p><span style=\"color: #000000;\"><strong>Vi\u00a0<\/strong><strong>har bred erfaring innen:<\/strong><\/span><\/p><p><span style=\"color: #000000;\">Restaurering og rehabilitering av gamle trehus<\/span><\/p><p><span style=\"color: #000000;\">Nybygg i laft, stavlaft og bindingsverk<\/span><\/p><p><span style=\"color: #000000;\">Flytting og oppsett av gamle hus<\/span><\/p><p><span style=\"color: #000000;\">R\u00e5dgiving, tillstandsrapporter, ideutveksling og tegning<\/span><\/p><p><span style=\"color: #000000;\">Spesialinnredninger<\/span><\/p><p><span style=\"color: #000000;\">Jekking\/oppretting\/sikring<\/span><\/p><p><span style=\"color: #000000;\">Muring av naturstein<\/span><\/p><p><span style=\"color: #000000;\">Torvtak\/flistak<\/span><\/p><p><span style=\"color: #000000;\">Skigard<\/span><\/p><p><span style=\"color: #000000;\">Vi skaffer spesialdimmensjoner i trelast\/spesialvirke i tillegg til gamle bygningsdeler og tilbeh\u00f8r.<\/span><\/p>\t\t\t\t\t\t\t\t<\/div>\n\t\t\t\t<\/div>\n\t\t\t\t\t<\/div>\n\t\t<\/div>\n\t\t\t\t\t<\/div>\n\t\t<\/section>\n\t\t\t\t\t<\/div>\n\t\t<\/div>\n\t\t\t\t\t<\/div>\n\t\t<\/section>\n\t\t\t\t<\/div>\n\t\t","protected":false},"excerpt":{"rendered":"<p>H\u00f8gnes Laft og Restaurering ble etablert i 1993 og har i dag 5 lokale ansatte med fagbrev og 1 l\u00e6rling. Vi har tilholdssted i Jevnaker p\u00e5 Hadeland. Vi er en<\/p>\n","protected":false},"author":1,"featured_media":0,"parent":0,"menu_order":0,"comment_status":"closed","ping_status":"closed","template":"","meta":{"footnotes":""},"class_list":["post-8","page","type-page","status-publish","hentry"],"_links":{"self":[{"href":"https:\/\/hognes.no\/index.php\/wp-json\/wp\/v2\/pages\/8","targetHints":{"allow":["GET"]}}],"collection":[{"href":"https:\/\/hognes.no\/index.php\/wp-json\/wp\/v2\/pages"}],"about":[{"href":"https:\/\/hognes.no\/index.php\/wp-json\/wp\/v2\/types\/page"}],"author":[{"embeddable":true,"href":"https:\/\/hognes.no\/index.php\/wp-json\/wp\/v2\/users\/1"}],"replies":[{"embeddable":true,"href":"https:\/\/hognes.no\/index.php\/wp-json\/wp\/v2\/comments?post=8"}],"version-history":[{"count":22,"href":"https:\/\/hognes.no\/index.php\/wp-json\/wp\/v2\/pages\/8\/revisions"}],"predecessor-version":[{"id":171,"href":"https:\/\/hognes.no\/index.php\/wp-json\/wp\/v2\/pages\/8\/revisions\/171"}],"wp:attachment":[{"href":"https:\/\/hognes.no\/index.php\/wp-json\/wp\/v2\/media?parent=8"}],"curies":[{"name":"wp","href":"https:\/\/api.w.org\/{rel}","templated":true}]}}