{"id":113,"date":"2018-09-21T11:58:23","date_gmt":"2018-09-21T11:58:23","guid":{"rendered":"http:\/\/hognes.no\/?page_id=113"},"modified":"2018-09-26T06:54:47","modified_gmt":"2018-09-26T06:54:47","slug":"div-oppdrag","status":"publish","type":"page","link":"https:\/\/hognes.no\/index.php\/div-oppdrag\/","title":{"rendered":"Div oppdrag"},"content":{"rendered":"\t\t<div data-elementor-type=\"wp-post\" data-elementor-id=\"113\" class=\"elementor elementor-113 elementor-bc-flex-widget\">\n\t\t\t\t\t\t<section class=\"elementor-section elementor-top-section elementor-element elementor-element-8b6f504 elementor-section-boxed elementor-section-height-default elementor-section-height-default\" data-id=\"8b6f504\" data-element_type=\"section\" data-e-type=\"section\">\n\t\t\t\t\t\t<div class=\"elementor-container elementor-column-gap-default\">\n\t\t\t\t\t<div class=\"elementor-column elementor-col-50 elementor-top-column elementor-element elementor-element-4befea6\" data-id=\"4befea6\" data-element_type=\"column\" data-e-type=\"column\">\n\t\t\t<div class=\"elementor-widget-wrap elementor-element-populated\">\n\t\t\t\t\t\t<div class=\"elementor-element elementor-element-fd32516 elementor-widget elementor-widget-image\" data-id=\"fd32516\" data-element_type=\"widget\" data-e-type=\"widget\" data-widget_type=\"image.default\">\n\t\t\t\t<div class=\"elementor-widget-container\">\n\t\t\t\t\t\t\t\t\t\t\t\t\t\t\t<img fetchpriority=\"high\" decoding=\"async\" width=\"600\" height=\"600\" src=\"https:\/\/hognes.no\/wp-content\/uploads\/2018\/09\/20171116_143144-99.jpg\" class=\"attachment-large size-large wp-image-149\" alt=\"\" srcset=\"https:\/\/hognes.no\/wp-content\/uploads\/2018\/09\/20171116_143144-99.jpg 600w, https:\/\/hognes.no\/wp-content\/uploads\/2018\/09\/20171116_143144-99-150x150.jpg 150w, https:\/\/hognes.no\/wp-content\/uploads\/2018\/09\/20171116_143144-99-300x300.jpg 300w, https:\/\/hognes.no\/wp-content\/uploads\/2018\/09\/20171116_143144-99-100x100.jpg 100w\" sizes=\"(max-width: 600px) 100vw, 600px\" \/>\t\t\t\t\t\t\t\t\t\t\t\t\t\t\t<\/div>\n\t\t\t\t<\/div>\n\t\t\t\t<div class=\"elementor-element elementor-element-67bf8e0 elementor-widget elementor-widget-text-editor\" data-id=\"67bf8e0\" data-element_type=\"widget\" data-e-type=\"widget\" data-widget_type=\"text-editor.default\">\n\t\t\t\t<div class=\"elementor-widget-container\">\n\t\t\t\t\t\t\t\t\t<p>Restaurering av klokket\u00e5rn p\u00e5 Stabbur i Tingelstad<\/p>\t\t\t\t\t\t\t\t<\/div>\n\t\t\t\t<\/div>\n\t\t\t\t\t<\/div>\n\t\t<\/div>\n\t\t\t\t<div class=\"elementor-column elementor-col-50 elementor-top-column elementor-element elementor-element-b66a0db\" data-id=\"b66a0db\" data-element_type=\"column\" data-e-type=\"column\">\n\t\t\t<div class=\"elementor-widget-wrap elementor-element-populated\">\n\t\t\t\t\t\t<div class=\"elementor-element elementor-element-15b7e1a elementor-widget elementor-widget-image\" data-id=\"15b7e1a\" data-element_type=\"widget\" data-e-type=\"widget\" data-widget_type=\"image.default\">\n\t\t\t\t<div class=\"elementor-widget-container\">\n\t\t\t\t\t\t\t\t\t\t\t\t\t\t\t<img decoding=\"async\" width=\"444\" height=\"600\" src=\"https:\/\/hognes.no\/wp-content\/uploads\/2018\/09\/20171116_143223-2-1.jpg\" class=\"attachment-large size-large wp-image-150\" alt=\"\" srcset=\"https:\/\/hognes.no\/wp-content\/uploads\/2018\/09\/20171116_143223-2-1.jpg 444w, https:\/\/hognes.no\/wp-content\/uploads\/2018\/09\/20171116_143223-2-1-222x300.jpg 222w\" sizes=\"(max-width: 444px) 100vw, 444px\" \/>\t\t\t\t\t\t\t\t\t\t\t\t\t\t\t<\/div>\n\t\t\t\t<\/div>\n\t\t\t\t\t<\/div>\n\t\t<\/div>\n\t\t\t\t\t<\/div>\n\t\t<\/section>\n\t\t\t\t<section class=\"elementor-section elementor-top-section elementor-element elementor-element-6708a62 elementor-section-boxed elementor-section-height-default elementor-section-height-default\" data-id=\"6708a62\" data-element_type=\"section\" data-e-type=\"section\">\n\t\t\t\t\t\t<div class=\"elementor-container elementor-column-gap-default\">\n\t\t\t\t\t<div class=\"elementor-column elementor-col-100 elementor-top-column elementor-element elementor-element-9c4e223\" data-id=\"9c4e223\" data-element_type=\"column\" data-e-type=\"column\">\n\t\t\t<div class=\"elementor-widget-wrap elementor-element-populated\">\n\t\t\t\t\t\t<div class=\"elementor-element elementor-element-6451641 elementor-widget elementor-widget-image\" data-id=\"6451641\" data-element_type=\"widget\" data-e-type=\"widget\" data-widget_type=\"image.default\">\n\t\t\t\t<div class=\"elementor-widget-container\">\n\t\t\t\t\t\t\t\t\t\t\t\t\t\t\t<img decoding=\"async\" width=\"600\" height=\"450\" src=\"https:\/\/hognes.no\/wp-content\/uploads\/2018\/09\/PC140468-34.jpg\" class=\"attachment-large size-large wp-image-151\" alt=\"\" srcset=\"https:\/\/hognes.no\/wp-content\/uploads\/2018\/09\/PC140468-34.jpg 600w, https:\/\/hognes.no\/wp-content\/uploads\/2018\/09\/PC140468-34-300x225.jpg 300w\" sizes=\"(max-width: 600px) 100vw, 600px\" \/>\t\t\t\t\t\t\t\t\t\t\t\t\t\t\t<\/div>\n\t\t\t\t<\/div>\n\t\t\t\t<div class=\"elementor-element elementor-element-acc5f74 elementor-widget elementor-widget-text-editor\" data-id=\"acc5f74\" data-element_type=\"widget\" data-e-type=\"widget\" data-widget_type=\"text-editor.default\">\n\t\t\t\t<div class=\"elementor-widget-container\">\n\t\t\t\t\t\t\t\t\t<p style=\"text-align: center;\">Flytting av stabbur i Gran<\/p>\t\t\t\t\t\t\t\t<\/div>\n\t\t\t\t<\/div>\n\t\t\t\t\t<\/div>\n\t\t<\/div>\n\t\t\t\t\t<\/div>\n\t\t<\/section>\n\t\t\t\t<section class=\"elementor-section elementor-top-section elementor-element elementor-element-e09c64f elementor-section-boxed elementor-section-height-default elementor-section-height-default\" data-id=\"e09c64f\" data-element_type=\"section\" data-e-type=\"section\">\n\t\t\t\t\t\t<div class=\"elementor-container elementor-column-gap-default\">\n\t\t\t\t\t<div class=\"elementor-column elementor-col-50 elementor-top-column elementor-element elementor-element-8c6e629\" data-id=\"8c6e629\" data-element_type=\"column\" data-e-type=\"column\">\n\t\t\t<div class=\"elementor-widget-wrap elementor-element-populated\">\n\t\t\t\t\t\t<div class=\"elementor-element elementor-element-b3b4961 elementor-widget elementor-widget-image\" data-id=\"b3b4961\" data-element_type=\"widget\" data-e-type=\"widget\" data-widget_type=\"image.default\">\n\t\t\t\t<div class=\"elementor-widget-container\">\n\t\t\t\t\t\t\t\t\t\t\t\t\t\t\t<img loading=\"lazy\" decoding=\"async\" width=\"450\" height=\"600\" src=\"https:\/\/hognes.no\/wp-content\/uploads\/2018\/09\/P6030417-2-e1537943971468.jpg\" class=\"attachment-large size-large wp-image-160\" alt=\"\" srcset=\"https:\/\/hognes.no\/wp-content\/uploads\/2018\/09\/P6030417-2-e1537943971468.jpg 450w, https:\/\/hognes.no\/wp-content\/uploads\/2018\/09\/P6030417-2-e1537943971468-225x300.jpg 225w, https:\/\/hognes.no\/wp-content\/uploads\/2018\/09\/P6030417-2-e1537943971468-300x400.jpg 300w\" sizes=\"(max-width: 450px) 100vw, 450px\" \/>\t\t\t\t\t\t\t\t\t\t\t\t\t\t\t<\/div>\n\t\t\t\t<\/div>\n\t\t\t\t<div class=\"elementor-element elementor-element-90db569 elementor-widget elementor-widget-text-editor\" data-id=\"90db569\" data-element_type=\"widget\" data-e-type=\"widget\" data-widget_type=\"text-editor.default\">\n\t\t\t\t<div class=\"elementor-widget-container\">\n\t\t\t\t\t\t\t\t\t<p style=\"text-align: center;\">H\u00e5ndlaget kopi av d\u00f8r.\u00a0 Profiler, speil og overflater er h\u00f8vlet for h\u00e5nd.\u00a0 \u00a0<\/p>\t\t\t\t\t\t\t\t<\/div>\n\t\t\t\t<\/div>\n\t\t\t\t\t<\/div>\n\t\t<\/div>\n\t\t\t\t<div class=\"elementor-column elementor-col-50 elementor-top-column elementor-element elementor-element-f796ce8\" data-id=\"f796ce8\" data-element_type=\"column\" data-e-type=\"column\">\n\t\t\t<div class=\"elementor-widget-wrap elementor-element-populated\">\n\t\t\t\t\t\t<div class=\"elementor-element elementor-element-9abeff3 elementor-widget elementor-widget-image\" data-id=\"9abeff3\" data-element_type=\"widget\" data-e-type=\"widget\" data-widget_type=\"image.default\">\n\t\t\t\t<div class=\"elementor-widget-container\">\n\t\t\t\t\t\t\t\t\t\t\t\t\t\t\t<img loading=\"lazy\" decoding=\"async\" width=\"415\" height=\"600\" src=\"https:\/\/hognes.no\/wp-content\/uploads\/2018\/09\/P2100070-1.jpg\" class=\"attachment-large size-large wp-image-159\" alt=\"\" srcset=\"https:\/\/hognes.no\/wp-content\/uploads\/2018\/09\/P2100070-1.jpg 415w, https:\/\/hognes.no\/wp-content\/uploads\/2018\/09\/P2100070-1-208x300.jpg 208w\" sizes=\"(max-width: 415px) 100vw, 415px\" \/>\t\t\t\t\t\t\t\t\t\t\t\t\t\t\t<\/div>\n\t\t\t\t<\/div>\n\t\t\t\t<div class=\"elementor-element elementor-element-9d13ae4 elementor-widget elementor-widget-text-editor\" data-id=\"9d13ae4\" data-element_type=\"widget\" data-e-type=\"widget\" data-widget_type=\"text-editor.default\">\n\t\t\t\t<div class=\"elementor-widget-container\">\n\t\t\t\t\t\t\t\t\t<p style=\"text-align: center;\">H\u00e5ndlaget kj\u00f8kken, Matskap og innbygget kj\u00f8leskap.\u00a0<\/p>\t\t\t\t\t\t\t\t<\/div>\n\t\t\t\t<\/div>\n\t\t\t\t\t<\/div>\n\t\t<\/div>\n\t\t\t\t\t<\/div>\n\t\t<\/section>\n\t\t\t\t<section class=\"elementor-section elementor-top-section elementor-element elementor-element-34e3207 elementor-section-boxed elementor-section-height-default elementor-section-height-default\" data-id=\"34e3207\" data-element_type=\"section\" data-e-type=\"section\">\n\t\t\t\t\t\t<div class=\"elementor-container elementor-column-gap-default\">\n\t\t\t\t\t<div class=\"elementor-column elementor-col-100 elementor-top-column elementor-element elementor-element-09e17d5\" data-id=\"09e17d5\" data-element_type=\"column\" data-e-type=\"column\">\n\t\t\t<div class=\"elementor-widget-wrap elementor-element-populated\">\n\t\t\t\t\t\t<div class=\"elementor-element elementor-element-7f57908 elementor-widget elementor-widget-image\" data-id=\"7f57908\" data-element_type=\"widget\" data-e-type=\"widget\" data-widget_type=\"image.default\">\n\t\t\t\t<div class=\"elementor-widget-container\">\n\t\t\t\t\t\t\t\t\t\t\t\t\t\t\t<img loading=\"lazy\" decoding=\"async\" width=\"600\" height=\"450\" src=\"https:\/\/hognes.no\/wp-content\/uploads\/2018\/09\/IMG_0918-1.jpg\" class=\"attachment-large size-large wp-image-158\" alt=\"\" srcset=\"https:\/\/hognes.no\/wp-content\/uploads\/2018\/09\/IMG_0918-1.jpg 600w, https:\/\/hognes.no\/wp-content\/uploads\/2018\/09\/IMG_0918-1-300x225.jpg 300w\" sizes=\"(max-width: 600px) 100vw, 600px\" \/>\t\t\t\t\t\t\t\t\t\t\t\t\t\t\t<\/div>\n\t\t\t\t<\/div>\n\t\t\t\t\t<\/div>\n\t\t<\/div>\n\t\t\t\t\t<\/div>\n\t\t<\/section>\n\t\t\t\t<section class=\"elementor-section elementor-top-section elementor-element elementor-element-fcc8e02 elementor-section-boxed elementor-section-height-default elementor-section-height-default\" data-id=\"fcc8e02\" data-element_type=\"section\" data-e-type=\"section\">\n\t\t\t\t\t\t<div class=\"elementor-container elementor-column-gap-default\">\n\t\t\t\t\t<div class=\"elementor-column elementor-col-50 elementor-top-column elementor-element elementor-element-2d95625\" data-id=\"2d95625\" data-element_type=\"column\" data-e-type=\"column\">\n\t\t\t<div class=\"elementor-widget-wrap elementor-element-populated\">\n\t\t\t\t\t\t<div class=\"elementor-element elementor-element-5eee11a elementor-widget elementor-widget-text-editor\" data-id=\"5eee11a\" data-element_type=\"widget\" data-e-type=\"widget\" data-widget_type=\"text-editor.default\">\n\t\t\t\t<div class=\"elementor-widget-container\">\n\t\t\t\t\t\t\t\t\t<p>\u00a0<\/p><p>\u00a0<\/p><p>\u00a0<\/p><p>\u00a0<\/p><p>\u00a0<\/p><p>Her har vi kopiert eksisterende listverk. Vi har laget profilh\u00f8vler og h\u00e5ndh\u00f8vlet listene.\u00a0 \u00a0<\/p>\t\t\t\t\t\t\t\t<\/div>\n\t\t\t\t<\/div>\n\t\t\t\t\t<\/div>\n\t\t<\/div>\n\t\t\t\t<div class=\"elementor-column elementor-col-50 elementor-top-column elementor-element elementor-element-2393ed3\" data-id=\"2393ed3\" data-element_type=\"column\" data-e-type=\"column\">\n\t\t\t<div class=\"elementor-widget-wrap elementor-element-populated\">\n\t\t\t\t\t\t<div class=\"elementor-element elementor-element-406ca02 elementor-widget elementor-widget-image\" data-id=\"406ca02\" data-element_type=\"widget\" data-e-type=\"widget\" data-widget_type=\"image.default\">\n\t\t\t\t<div class=\"elementor-widget-container\">\n\t\t\t\t\t\t\t\t\t\t\t\t\t\t\t<img loading=\"lazy\" decoding=\"async\" width=\"450\" height=\"600\" src=\"https:\/\/hognes.no\/wp-content\/uploads\/2018\/09\/P2100095-1.jpg\" class=\"attachment-large size-large wp-image-161\" alt=\"\" srcset=\"https:\/\/hognes.no\/wp-content\/uploads\/2018\/09\/P2100095-1.jpg 450w, https:\/\/hognes.no\/wp-content\/uploads\/2018\/09\/P2100095-1-225x300.jpg 225w, https:\/\/hognes.no\/wp-content\/uploads\/2018\/09\/P2100095-1-300x400.jpg 300w\" sizes=\"(max-width: 450px) 100vw, 450px\" \/>\t\t\t\t\t\t\t\t\t\t\t\t\t\t\t<\/div>\n\t\t\t\t<\/div>\n\t\t\t\t\t<\/div>\n\t\t<\/div>\n\t\t\t\t\t<\/div>\n\t\t<\/section>\n\t\t\t\t<\/div>\n\t\t","protected":false},"excerpt":{"rendered":"<p>Restaurering av klokket\u00e5rn p\u00e5 Stabbur i Tingelstad Flytting av stabbur i Gran H\u00e5ndlaget kopi av d\u00f8r.\u00a0 Profiler, speil og overflater er h\u00f8vlet for h\u00e5nd.\u00a0 \u00a0 H\u00e5ndlaget kj\u00f8kken, Matskap og innbygget<\/p>\n","protected":false},"author":1,"featured_media":0,"parent":0,"menu_order":0,"comment_status":"closed","ping_status":"closed","template":"","meta":{"footnotes":""},"class_list":["post-113","page","type-page","status-publish","hentry"],"_links":{"self":[{"href":"https:\/\/hognes.no\/index.php\/wp-json\/wp\/v2\/pages\/113","targetHints":{"allow":["GET"]}}],"collection":[{"href":"https:\/\/hognes.no\/index.php\/wp-json\/wp\/v2\/pages"}],"about":[{"href":"https:\/\/hognes.no\/index.php\/wp-json\/wp\/v2\/types\/page"}],"author":[{"embeddable":true,"href":"https:\/\/hognes.no\/index.php\/wp-json\/wp\/v2\/users\/1"}],"replies":[{"embeddable":true,"href":"https:\/\/hognes.no\/index.php\/wp-json\/wp\/v2\/comments?post=113"}],"version-history":[{"count":5,"href":"https:\/\/hognes.no\/index.php\/wp-json\/wp\/v2\/pages\/113\/revisions"}],"predecessor-version":[{"id":167,"href":"https:\/\/hognes.no\/index.php\/wp-json\/wp\/v2\/pages\/113\/revisions\/167"}],"wp:attachment":[{"href":"https:\/\/hognes.no\/index.php\/wp-json\/wp\/v2\/media?parent=113"}],"curies":[{"name":"wp","href":"https:\/\/api.w.org\/{rel}","templated":true}]}}