{"id":110,"date":"2018-09-21T11:58:23","date_gmt":"2018-09-21T11:58:23","guid":{"rendered":"http:\/\/hognes.no\/?page_id=110"},"modified":"2018-09-21T12:17:56","modified_gmt":"2018-09-21T12:17:56","slug":"nybygg","status":"publish","type":"page","link":"https:\/\/hognes.no\/index.php\/nybygg\/","title":{"rendered":"Nybygg"},"content":{"rendered":"\t\t<div data-elementor-type=\"wp-post\" data-elementor-id=\"110\" class=\"elementor elementor-110 elementor-bc-flex-widget\">\n\t\t\t\t\t\t<section class=\"elementor-section elementor-top-section elementor-element elementor-element-7d3cef0 elementor-section-boxed elementor-section-height-default elementor-section-height-default\" data-id=\"7d3cef0\" data-element_type=\"section\" data-e-type=\"section\">\n\t\t\t\t\t\t<div class=\"elementor-container elementor-column-gap-default\">\n\t\t\t\t\t<div class=\"elementor-column elementor-col-100 elementor-top-column elementor-element elementor-element-f6ea9b3\" data-id=\"f6ea9b3\" data-element_type=\"column\" data-e-type=\"column\">\n\t\t\t<div class=\"elementor-widget-wrap elementor-element-populated\">\n\t\t\t\t\t\t<div class=\"elementor-element elementor-element-41c6326 elementor-widget elementor-widget-image\" data-id=\"41c6326\" data-element_type=\"widget\" data-e-type=\"widget\" data-widget_type=\"image.default\">\n\t\t\t\t<div class=\"elementor-widget-container\">\n\t\t\t\t\t\t\t\t\t\t\t\t\t\t\t<img fetchpriority=\"high\" decoding=\"async\" width=\"600\" height=\"296\" src=\"https:\/\/hognes.no\/wp-content\/uploads\/2018\/09\/20170831_105908-79-1.jpg\" class=\"attachment-large size-large wp-image-92\" alt=\"\" srcset=\"https:\/\/hognes.no\/wp-content\/uploads\/2018\/09\/20170831_105908-79-1.jpg 600w, https:\/\/hognes.no\/wp-content\/uploads\/2018\/09\/20170831_105908-79-1-300x148.jpg 300w\" sizes=\"(max-width: 600px) 100vw, 600px\" \/>\t\t\t\t\t\t\t\t\t\t\t\t\t\t\t<\/div>\n\t\t\t\t<\/div>\n\t\t\t\t\t<\/div>\n\t\t<\/div>\n\t\t\t\t\t<\/div>\n\t\t<\/section>\n\t\t\t\t<section class=\"elementor-section elementor-top-section elementor-element elementor-element-26b7e45 elementor-section-boxed elementor-section-height-default elementor-section-height-default\" data-id=\"26b7e45\" data-element_type=\"section\" data-e-type=\"section\">\n\t\t\t\t\t\t<div class=\"elementor-container elementor-column-gap-default\">\n\t\t\t\t\t<div class=\"elementor-column elementor-col-33 elementor-top-column elementor-element elementor-element-94b317b\" data-id=\"94b317b\" data-element_type=\"column\" data-e-type=\"column\">\n\t\t\t<div class=\"elementor-widget-wrap elementor-element-populated\">\n\t\t\t\t\t\t<div class=\"elementor-element elementor-element-21275f1 elementor-widget elementor-widget-image\" data-id=\"21275f1\" data-element_type=\"widget\" data-e-type=\"widget\" data-widget_type=\"image.default\">\n\t\t\t\t<div class=\"elementor-widget-container\">\n\t\t\t\t\t\t\t\t\t\t\t\t\t\t\t<img decoding=\"async\" width=\"600\" height=\"600\" src=\"https:\/\/hognes.no\/wp-content\/uploads\/2018\/09\/20170831_105930-82.jpg\" class=\"attachment-large size-large wp-image-124\" alt=\"\" srcset=\"https:\/\/hognes.no\/wp-content\/uploads\/2018\/09\/20170831_105930-82.jpg 600w, https:\/\/hognes.no\/wp-content\/uploads\/2018\/09\/20170831_105930-82-150x150.jpg 150w, https:\/\/hognes.no\/wp-content\/uploads\/2018\/09\/20170831_105930-82-300x300.jpg 300w, https:\/\/hognes.no\/wp-content\/uploads\/2018\/09\/20170831_105930-82-100x100.jpg 100w\" sizes=\"(max-width: 600px) 100vw, 600px\" \/>\t\t\t\t\t\t\t\t\t\t\t\t\t\t\t<\/div>\n\t\t\t\t<\/div>\n\t\t\t\t\t<\/div>\n\t\t<\/div>\n\t\t\t\t<div class=\"elementor-column elementor-col-33 elementor-top-column elementor-element elementor-element-3abed2c\" data-id=\"3abed2c\" data-element_type=\"column\" data-e-type=\"column\">\n\t\t\t<div class=\"elementor-widget-wrap elementor-element-populated\">\n\t\t\t\t\t\t<div class=\"elementor-element elementor-element-3a4eb6c elementor-widget elementor-widget-image\" data-id=\"3a4eb6c\" data-element_type=\"widget\" data-e-type=\"widget\" data-widget_type=\"image.default\">\n\t\t\t\t<div class=\"elementor-widget-container\">\n\t\t\t\t\t\t\t\t\t\t\t\t\t\t\t<img decoding=\"async\" width=\"600\" height=\"600\" src=\"https:\/\/hognes.no\/wp-content\/uploads\/2018\/09\/20170831_141354-89.jpg\" class=\"attachment-large size-large wp-image-125\" alt=\"\" srcset=\"https:\/\/hognes.no\/wp-content\/uploads\/2018\/09\/20170831_141354-89.jpg 600w, https:\/\/hognes.no\/wp-content\/uploads\/2018\/09\/20170831_141354-89-150x150.jpg 150w, https:\/\/hognes.no\/wp-content\/uploads\/2018\/09\/20170831_141354-89-300x300.jpg 300w, https:\/\/hognes.no\/wp-content\/uploads\/2018\/09\/20170831_141354-89-100x100.jpg 100w\" sizes=\"(max-width: 600px) 100vw, 600px\" \/>\t\t\t\t\t\t\t\t\t\t\t\t\t\t\t<\/div>\n\t\t\t\t<\/div>\n\t\t\t\t<div class=\"elementor-element elementor-element-7d24dce elementor-widget elementor-widget-text-editor\" data-id=\"7d24dce\" data-element_type=\"widget\" data-e-type=\"widget\" data-widget_type=\"text-editor.default\">\n\t\t\t\t<div class=\"elementor-widget-container\">\n\t\t\t\t\t\t\t\t\t<p>H\u00e5ndlaftet enebolig p\u00e5 Jevnaker<\/p>\t\t\t\t\t\t\t\t<\/div>\n\t\t\t\t<\/div>\n\t\t\t\t\t<\/div>\n\t\t<\/div>\n\t\t\t\t<div class=\"elementor-column elementor-col-33 elementor-top-column elementor-element elementor-element-ade965e\" data-id=\"ade965e\" data-element_type=\"column\" data-e-type=\"column\">\n\t\t\t<div class=\"elementor-widget-wrap elementor-element-populated\">\n\t\t\t\t\t\t<div class=\"elementor-element elementor-element-433f750 elementor-widget elementor-widget-image\" data-id=\"433f750\" data-element_type=\"widget\" data-e-type=\"widget\" data-widget_type=\"image.default\">\n\t\t\t\t<div class=\"elementor-widget-container\">\n\t\t\t\t\t\t\t\t\t\t\t\t\t\t\t<img loading=\"lazy\" decoding=\"async\" width=\"600\" height=\"600\" src=\"https:\/\/hognes.no\/wp-content\/uploads\/2018\/09\/20170831_141512-97.jpg\" class=\"attachment-large size-large wp-image-126\" alt=\"\" srcset=\"https:\/\/hognes.no\/wp-content\/uploads\/2018\/09\/20170831_141512-97.jpg 600w, https:\/\/hognes.no\/wp-content\/uploads\/2018\/09\/20170831_141512-97-150x150.jpg 150w, https:\/\/hognes.no\/wp-content\/uploads\/2018\/09\/20170831_141512-97-300x300.jpg 300w, https:\/\/hognes.no\/wp-content\/uploads\/2018\/09\/20170831_141512-97-100x100.jpg 100w\" sizes=\"(max-width: 600px) 100vw, 600px\" \/>\t\t\t\t\t\t\t\t\t\t\t\t\t\t\t<\/div>\n\t\t\t\t<\/div>\n\t\t\t\t\t<\/div>\n\t\t<\/div>\n\t\t\t\t\t<\/div>\n\t\t<\/section>\n\t\t\t\t<section class=\"elementor-section elementor-top-section elementor-element elementor-element-10ccea7 elementor-section-boxed elementor-section-height-default elementor-section-height-default\" data-id=\"10ccea7\" data-element_type=\"section\" data-e-type=\"section\">\n\t\t\t\t\t\t<div class=\"elementor-container elementor-column-gap-default\">\n\t\t\t\t\t<div class=\"elementor-column elementor-col-100 elementor-top-column elementor-element elementor-element-5f45417\" data-id=\"5f45417\" data-element_type=\"column\" data-e-type=\"column\">\n\t\t\t<div class=\"elementor-widget-wrap elementor-element-populated\">\n\t\t\t\t\t\t<section class=\"elementor-section elementor-inner-section elementor-element elementor-element-5d0c63e elementor-section-boxed elementor-section-height-default elementor-section-height-default\" data-id=\"5d0c63e\" data-element_type=\"section\" data-e-type=\"section\">\n\t\t\t\t\t\t<div class=\"elementor-container elementor-column-gap-default\">\n\t\t\t\t\t<div class=\"elementor-column elementor-col-33 elementor-inner-column elementor-element elementor-element-35d40f3\" data-id=\"35d40f3\" data-element_type=\"column\" data-e-type=\"column\">\n\t\t\t<div class=\"elementor-widget-wrap elementor-element-populated\">\n\t\t\t\t\t\t<div class=\"elementor-element elementor-element-cb02bee elementor-widget elementor-widget-image\" data-id=\"cb02bee\" data-element_type=\"widget\" data-e-type=\"widget\" data-widget_type=\"image.default\">\n\t\t\t\t<div class=\"elementor-widget-container\">\n\t\t\t\t\t\t\t\t\t\t\t\t\t\t\t<img loading=\"lazy\" decoding=\"async\" width=\"600\" height=\"450\" src=\"https:\/\/hognes.no\/wp-content\/uploads\/2018\/09\/P2170160-41.jpg\" class=\"attachment-large size-large wp-image-121\" alt=\"\" srcset=\"https:\/\/hognes.no\/wp-content\/uploads\/2018\/09\/P2170160-41.jpg 600w, https:\/\/hognes.no\/wp-content\/uploads\/2018\/09\/P2170160-41-300x225.jpg 300w\" sizes=\"(max-width: 600px) 100vw, 600px\" \/>\t\t\t\t\t\t\t\t\t\t\t\t\t\t\t<\/div>\n\t\t\t\t<\/div>\n\t\t\t\t<div class=\"elementor-element elementor-element-95626f7 elementor-widget elementor-widget-text-editor\" data-id=\"95626f7\" data-element_type=\"widget\" data-e-type=\"widget\" data-widget_type=\"text-editor.default\">\n\t\t\t\t<div class=\"elementor-widget-container\">\n\t\t\t\t\t\t\t\t\t<p>Tillbygg p\u00e5 sveiterstilshus p\u00e5 lunner.\u00a0 F\u00f8r, under og etter.<\/p>\t\t\t\t\t\t\t\t<\/div>\n\t\t\t\t<\/div>\n\t\t\t\t\t<\/div>\n\t\t<\/div>\n\t\t\t\t<div class=\"elementor-column elementor-col-33 elementor-inner-column elementor-element elementor-element-ef9ce55\" data-id=\"ef9ce55\" data-element_type=\"column\" data-e-type=\"column\">\n\t\t\t<div class=\"elementor-widget-wrap elementor-element-populated\">\n\t\t\t\t\t\t<div class=\"elementor-element elementor-element-b9e7d88 elementor-widget elementor-widget-image\" data-id=\"b9e7d88\" data-element_type=\"widget\" data-e-type=\"widget\" data-widget_type=\"image.default\">\n\t\t\t\t<div class=\"elementor-widget-container\">\n\t\t\t\t\t\t\t\t\t\t\t\t\t\t\t<img loading=\"lazy\" decoding=\"async\" width=\"450\" height=\"600\" src=\"https:\/\/hognes.no\/wp-content\/uploads\/2018\/09\/P5060732-62.jpg\" class=\"attachment-large size-large wp-image-122\" alt=\"\" srcset=\"https:\/\/hognes.no\/wp-content\/uploads\/2018\/09\/P5060732-62.jpg 450w, https:\/\/hognes.no\/wp-content\/uploads\/2018\/09\/P5060732-62-225x300.jpg 225w, https:\/\/hognes.no\/wp-content\/uploads\/2018\/09\/P5060732-62-300x400.jpg 300w\" sizes=\"(max-width: 450px) 100vw, 450px\" \/>\t\t\t\t\t\t\t\t\t\t\t\t\t\t\t<\/div>\n\t\t\t\t<\/div>\n\t\t\t\t\t<\/div>\n\t\t<\/div>\n\t\t\t\t<div class=\"elementor-column elementor-col-33 elementor-inner-column elementor-element elementor-element-52b9708\" data-id=\"52b9708\" data-element_type=\"column\" data-e-type=\"column\">\n\t\t\t<div class=\"elementor-widget-wrap elementor-element-populated\">\n\t\t\t\t\t\t<div class=\"elementor-element elementor-element-a51a459 elementor-widget elementor-widget-image\" data-id=\"a51a459\" data-element_type=\"widget\" data-e-type=\"widget\" data-widget_type=\"image.default\">\n\t\t\t\t<div class=\"elementor-widget-container\">\n\t\t\t\t\t\t\t\t\t\t\t\t\t\t\t<img loading=\"lazy\" decoding=\"async\" width=\"600\" height=\"450\" src=\"https:\/\/hognes.no\/wp-content\/uploads\/2018\/09\/P5190447-65.jpg\" class=\"attachment-large size-large wp-image-123\" alt=\"\" srcset=\"https:\/\/hognes.no\/wp-content\/uploads\/2018\/09\/P5190447-65.jpg 600w, https:\/\/hognes.no\/wp-content\/uploads\/2018\/09\/P5190447-65-300x225.jpg 300w\" sizes=\"(max-width: 600px) 100vw, 600px\" \/>\t\t\t\t\t\t\t\t\t\t\t\t\t\t\t<\/div>\n\t\t\t\t<\/div>\n\t\t\t\t\t<\/div>\n\t\t<\/div>\n\t\t\t\t\t<\/div>\n\t\t<\/section>\n\t\t\t\t\t<\/div>\n\t\t<\/div>\n\t\t\t\t\t<\/div>\n\t\t<\/section>\n\t\t\t\t<section class=\"elementor-section elementor-top-section elementor-element elementor-element-aede58c elementor-section-boxed elementor-section-height-default elementor-section-height-default\" data-id=\"aede58c\" data-element_type=\"section\" data-e-type=\"section\">\n\t\t\t\t\t\t<div class=\"elementor-container elementor-column-gap-default\">\n\t\t\t\t\t<div class=\"elementor-column elementor-col-50 elementor-top-column elementor-element elementor-element-39ce022\" data-id=\"39ce022\" data-element_type=\"column\" data-e-type=\"column\">\n\t\t\t<div class=\"elementor-widget-wrap elementor-element-populated\">\n\t\t\t\t\t\t<div class=\"elementor-element elementor-element-c9ab30e elementor-widget elementor-widget-image\" data-id=\"c9ab30e\" data-element_type=\"widget\" data-e-type=\"widget\" data-widget_type=\"image.default\">\n\t\t\t\t<div class=\"elementor-widget-container\">\n\t\t\t\t\t\t\t\t\t\t\t\t\t\t\t<img loading=\"lazy\" decoding=\"async\" width=\"600\" height=\"360\" src=\"https:\/\/hognes.no\/wp-content\/uploads\/2018\/09\/20180210_151755-104.jpg\" class=\"attachment-large size-large wp-image-127\" alt=\"\" srcset=\"https:\/\/hognes.no\/wp-content\/uploads\/2018\/09\/20180210_151755-104.jpg 600w, https:\/\/hognes.no\/wp-content\/uploads\/2018\/09\/20180210_151755-104-300x180.jpg 300w\" sizes=\"(max-width: 600px) 100vw, 600px\" \/>\t\t\t\t\t\t\t\t\t\t\t\t\t\t\t<\/div>\n\t\t\t\t<\/div>\n\t\t\t\t<div class=\"elementor-element elementor-element-4bcd8c3 elementor-widget elementor-widget-text-editor\" data-id=\"4bcd8c3\" data-element_type=\"widget\" data-e-type=\"widget\" data-widget_type=\"text-editor.default\">\n\t\t\t\t<div class=\"elementor-widget-container\">\n\t\t\t\t\t\t\t\t\t<p>To anneks ved Mylla<\/p>\t\t\t\t\t\t\t\t<\/div>\n\t\t\t\t<\/div>\n\t\t\t\t\t<\/div>\n\t\t<\/div>\n\t\t\t\t<div class=\"elementor-column elementor-col-50 elementor-top-column elementor-element elementor-element-bbee55f\" data-id=\"bbee55f\" data-element_type=\"column\" data-e-type=\"column\">\n\t\t\t<div class=\"elementor-widget-wrap elementor-element-populated\">\n\t\t\t\t\t\t<div class=\"elementor-element elementor-element-07025dc elementor-widget elementor-widget-image\" data-id=\"07025dc\" data-element_type=\"widget\" data-e-type=\"widget\" data-widget_type=\"image.default\">\n\t\t\t\t<div class=\"elementor-widget-container\">\n\t\t\t\t\t\t\t\t\t\t\t\t\t\t\t<img loading=\"lazy\" decoding=\"async\" width=\"600\" height=\"450\" src=\"https:\/\/hognes.no\/wp-content\/uploads\/2018\/09\/IMG_1149-9.jpg\" class=\"attachment-large size-large wp-image-128\" alt=\"\" srcset=\"https:\/\/hognes.no\/wp-content\/uploads\/2018\/09\/IMG_1149-9.jpg 600w, https:\/\/hognes.no\/wp-content\/uploads\/2018\/09\/IMG_1149-9-300x225.jpg 300w\" sizes=\"(max-width: 600px) 100vw, 600px\" \/>\t\t\t\t\t\t\t\t\t\t\t\t\t\t\t<\/div>\n\t\t\t\t<\/div>\n\t\t\t\t\t<\/div>\n\t\t<\/div>\n\t\t\t\t\t<\/div>\n\t\t<\/section>\n\t\t\t\t<section class=\"elementor-section elementor-top-section elementor-element elementor-element-fd265ca elementor-section-boxed elementor-section-height-default elementor-section-height-default\" data-id=\"fd265ca\" data-element_type=\"section\" data-e-type=\"section\">\n\t\t\t\t\t\t<div class=\"elementor-container elementor-column-gap-default\">\n\t\t\t\t\t<div class=\"elementor-column elementor-col-100 elementor-top-column elementor-element elementor-element-e4c5579\" data-id=\"e4c5579\" data-element_type=\"column\" data-e-type=\"column\">\n\t\t\t<div class=\"elementor-widget-wrap elementor-element-populated\">\n\t\t\t\t\t\t<div class=\"elementor-element elementor-element-810da74 elementor-widget elementor-widget-image\" data-id=\"810da74\" data-element_type=\"widget\" data-e-type=\"widget\" data-widget_type=\"image.default\">\n\t\t\t\t<div class=\"elementor-widget-container\">\n\t\t\t\t\t\t\t\t\t\t\t\t\t\t\t<img loading=\"lazy\" decoding=\"async\" width=\"600\" height=\"302\" src=\"https:\/\/hognes.no\/wp-content\/uploads\/2018\/09\/20180827_172710-1.jpg\" class=\"attachment-large size-large wp-image-98\" alt=\"\" srcset=\"https:\/\/hognes.no\/wp-content\/uploads\/2018\/09\/20180827_172710-1.jpg 600w, https:\/\/hognes.no\/wp-content\/uploads\/2018\/09\/20180827_172710-1-300x151.jpg 300w\" sizes=\"(max-width: 600px) 100vw, 600px\" \/>\t\t\t\t\t\t\t\t\t\t\t\t\t\t\t<\/div>\n\t\t\t\t<\/div>\n\t\t\t\t<div class=\"elementor-element elementor-element-6150036 elementor-widget elementor-widget-text-editor\" data-id=\"6150036\" data-element_type=\"widget\" data-e-type=\"widget\" data-widget_type=\"text-editor.default\">\n\t\t\t\t<div class=\"elementor-widget-container\">\n\t\t\t\t\t\t\t\t\t<p>\u00a0 \u00a0 \u00a0 \u00a0 \u00a0 \u00a0 \u00a0 \u00a0 \u00a0 \u00a0Gjennoppf\u00f8rt Tr\u00f8ndel\u00e5n med nytt tilbygg i \u00c5sa, Ringerike<\/p>\t\t\t\t\t\t\t\t<\/div>\n\t\t\t\t<\/div>\n\t\t\t\t\t<\/div>\n\t\t<\/div>\n\t\t\t\t\t<\/div>\n\t\t<\/section>\n\t\t\t\t<\/div>\n\t\t","protected":false},"excerpt":{"rendered":"<p>H\u00e5ndlaftet enebolig p\u00e5 Jevnaker Tillbygg p\u00e5 sveiterstilshus p\u00e5 lunner.\u00a0 F\u00f8r, under og etter. To anneks ved Mylla Gjennoppf\u00f8rt Tr\u00f8ndel\u00e5n med nytt tilbygg i \u00c5sa, Ringerike<\/p>\n","protected":false},"author":1,"featured_media":0,"parent":0,"menu_order":0,"comment_status":"closed","ping_status":"closed","template":"","meta":{"footnotes":""},"class_list":["post-110","page","type-page","status-publish","hentry"],"_links":{"self":[{"href":"https:\/\/hognes.no\/index.php\/wp-json\/wp\/v2\/pages\/110","targetHints":{"allow":["GET"]}}],"collection":[{"href":"https:\/\/hognes.no\/index.php\/wp-json\/wp\/v2\/pages"}],"about":[{"href":"https:\/\/hognes.no\/index.php\/wp-json\/wp\/v2\/types\/page"}],"author":[{"embeddable":true,"href":"https:\/\/hognes.no\/index.php\/wp-json\/wp\/v2\/users\/1"}],"replies":[{"embeddable":true,"href":"https:\/\/hognes.no\/index.php\/wp-json\/wp\/v2\/comments?post=110"}],"version-history":[{"count":3,"href":"https:\/\/hognes.no\/index.php\/wp-json\/wp\/v2\/pages\/110\/revisions"}],"predecessor-version":[{"id":130,"href":"https:\/\/hognes.no\/index.php\/wp-json\/wp\/v2\/pages\/110\/revisions\/130"}],"wp:attachment":[{"href":"https:\/\/hognes.no\/index.php\/wp-json\/wp\/v2\/media?parent=110"}],"curies":[{"name":"wp","href":"https:\/\/api.w.org\/{rel}","templated":true}]}}